{"id":1801,"date":"2022-05-02T19:06:59","date_gmt":"2022-05-02T13:36:59","guid":{"rendered":"http:\/\/deodesign.com\/?page_id=1801"},"modified":"2023-03-14T03:55:11","modified_gmt":"2023-03-13T22:25:11","slug":"music","status":"publish","type":"page","link":"https:\/\/deodesign.com\/?page_id=1801","title":{"rendered":"M\u00fasica"},"content":{"rendered":"\n<p><strong>Rajinder Deo<\/strong> (percusi\u00f3n tabla, y tanpura).<\/p>\n\n\n\n<div class=\"wp-block-columns is-layout-flex wp-container-core-columns-is-layout-9d6595d7 wp-block-columns-is-layout-flex\">\n<div class=\"wp-block-column is-layout-flow wp-block-column-is-layout-flow\">\n<figure class=\"wp-block-image size-large\"><img loading=\"lazy\" decoding=\"async\" width=\"360\" height=\"240\" data-attachment-id=\"1803\" data-permalink=\"https:\/\/deodesign.com\/?attachment_id=1803\" data-orig-file=\"https:\/\/deodesign.com\/wp-content\/uploads\/hands.jpg\" data-orig-size=\"360,240\" data-comments-opened=\"1\" data-image-meta=\"{&quot;aperture&quot;:&quot;0&quot;,&quot;credit&quot;:&quot;&quot;,&quot;camera&quot;:&quot;&quot;,&quot;caption&quot;:&quot;&quot;,&quot;created_timestamp&quot;:&quot;0&quot;,&quot;copyright&quot;:&quot;&quot;,&quot;focal_length&quot;:&quot;0&quot;,&quot;iso&quot;:&quot;0&quot;,&quot;shutter_speed&quot;:&quot;0&quot;,&quot;title&quot;:&quot;&quot;,&quot;orientation&quot;:&quot;0&quot;}\" data-image-title=\"hands\" data-image-description=\"\" data-image-caption=\"\" data-large-file=\"https:\/\/deodesign.com\/wp-content\/uploads\/hands.jpg\" src=\"https:\/\/deodesign.com\/wp-content\/uploads\/hands.jpg\" alt=\"\" class=\"wp-image-1803\" srcset=\"https:\/\/deodesign.com\/wp-content\/uploads\/hands.jpg 360w, https:\/\/deodesign.com\/wp-content\/uploads\/hands-300x200.jpg 300w, https:\/\/deodesign.com\/wp-content\/uploads\/hands-150x100.jpg 150w\" sizes=\"auto, (max-width: 360px) 100vw, 360px\" \/><\/figure>\n<\/div>\n\n\n\n<div class=\"wp-block-column is-layout-flow wp-block-column-is-layout-flow\">\n<div class=\"wp-block-image\"><figure class=\"aligncenter size-large\"><img loading=\"lazy\" decoding=\"async\" width=\"360\" height=\"240\" data-attachment-id=\"1804\" data-permalink=\"https:\/\/deodesign.com\/?attachment_id=1804\" data-orig-file=\"https:\/\/deodesign.com\/wp-content\/uploads\/head.jpg\" data-orig-size=\"360,240\" data-comments-opened=\"1\" data-image-meta=\"{&quot;aperture&quot;:&quot;0&quot;,&quot;credit&quot;:&quot;&quot;,&quot;camera&quot;:&quot;&quot;,&quot;caption&quot;:&quot;&quot;,&quot;created_timestamp&quot;:&quot;0&quot;,&quot;copyright&quot;:&quot;&quot;,&quot;focal_length&quot;:&quot;0&quot;,&quot;iso&quot;:&quot;0&quot;,&quot;shutter_speed&quot;:&quot;0&quot;,&quot;title&quot;:&quot;&quot;,&quot;orientation&quot;:&quot;0&quot;}\" data-image-title=\"head\" data-image-description=\"\" data-image-caption=\"\" data-large-file=\"https:\/\/deodesign.com\/wp-content\/uploads\/head.jpg\" src=\"https:\/\/deodesign.com\/wp-content\/uploads\/head.jpg\" alt=\"\" class=\"wp-image-1804\" srcset=\"https:\/\/deodesign.com\/wp-content\/uploads\/head.jpg 360w, https:\/\/deodesign.com\/wp-content\/uploads\/head-300x200.jpg 300w, https:\/\/deodesign.com\/wp-content\/uploads\/head-150x100.jpg 150w\" sizes=\"auto, (max-width: 360px) 100vw, 360px\" \/><\/figure><\/div>\n<\/div>\n<\/div>\n\n\n\n<p>Rajinder Deo es indio-brit\u00e1nico y vive en Espa\u00f1a. Es dise\u00f1ador, artista y toca la percusi\u00f3n <em>tabla<\/em> de la India. Deo empez\u00f3 a estudiar la percusi\u00f3n <em>tabla<\/em> en Londres en 1998 con Baluji Shrivastav despu\u00e9s de sus estudios de dise\u00f1o grafico. Estudi\u00f3 con Baluji durante cinco a\u00f1os antes de mudarse a Asia con su esposa Rebecca donde vivieron durante ocho a\u00f1os. Hoy en d\u00eda, Deo sigue estudiando <em>tabla<\/em> con Baluji en sus visitas a Londres.<\/p>\n\n\n\n<p>En 2008, Deo complet\u00f3 una maestr\u00eda en artes digitales en Camberwell College, Universidad de Londres, donde combin\u00f3 su amor a los m\u00e1ndalas y a la percusi\u00f3n <em>tabla<\/em>.<\/p>\n\n\n\n<p>Ha actuado y trabajado en el Reino Unido, Italia, Om\u00e1n, India, Senegal y Espa\u00f1a. Los proyectos incluyen;<\/p>\n\n\n\n<ul class=\"wp-block-list\"><li>Los proyectos musicales actuales incluyen conciertos de m\u00fasica cl\u00e1sica India con el sitarista Etienne Bartholomew en el sur de Espa\u00f1a, sesiones locales de Kirtan y sesiones de cuentos y m\u00fasica.<\/li><li>Cuentacuentos con el Tr\u00edo Ramtanu en el festival Munts de Monts en Barcelona, \u200b\u200bEspa\u00f1a. 2018.<\/li><li>Actuaciones de cuentacuentos con Rebecca Lemaire en Casa de Cuentos, Barcelona, \u200b\u200bEspa\u00f1a. 2014.<\/li><li>Grabaci\u00f3n de dos discos con el grupo Haritha Sama, (Rebecca Lemaire, Mark Pederson y Rajinder Deo) en India y Senegal. 2009 y 2011.<\/li><li>Sesiones de kirtan en Koh Phagan en Tailandia, Rishikesh y Tiruvannamalai en India. 2008-12.<\/li><li>Conciertos con John Taylor (inventor de la ocarina inglesa) en el Festival Internacional de Ocarina en Budrio, Italia. 2003<\/li><li>Conciertos con DJs en Londres y Cardiff, Reino Unido. 2002-4.<\/li><li>M\u00fasica experimental con la Orquesta de Drones Stella Maris. 2003.<\/li><\/ul>\n\n\n\n<p>Los proyectos musicales actuales incluyen conciertos de m\u00fasica cl\u00e1sica India con el sitarista Etienne Bartholomew en el sur de Espa\u00f1a, sesiones locales de Kirtan y sesiones de cuentos y m\u00fasica.<\/p>\n\n\n\n<p>Deo es un miembro activo con Artistas\u2019 Network Alpujarra y participa en exposiciones individuales y colectivas en el sur de Espa\u00f1a.<\/p>\n\n\n\n<div class=\"wp-block-columns is-layout-flex wp-container-core-columns-is-layout-9d6595d7 wp-block-columns-is-layout-flex\">\n<div class=\"wp-block-column is-layout-flow wp-block-column-is-layout-flow\">\n<figure class=\"wp-block-embed-youtube wp-block-embed is-type-video is-provider-youtube wp-embed-aspect-16-9 wp-has-aspect-ratio\"><div class=\"wp-block-embed__wrapper\">\n<span class=\"embed-youtube\" style=\"text-align:center; display: block;\"><iframe loading=\"lazy\" class=\"youtube-player\" width=\"525\" height=\"296\" src=\"https:\/\/www.youtube.com\/embed\/R4HXP9X5poM?version=3&#038;rel=1&#038;showsearch=0&#038;showinfo=1&#038;iv_load_policy=1&#038;fs=1&#038;hl=en-US&#038;autohide=2&#038;wmode=transparent\" allowfullscreen=\"true\" style=\"border:0;\" sandbox=\"allow-scripts allow-same-origin allow-popups allow-presentation allow-popups-to-escape-sandbox\"><\/iframe><\/span>\n<\/div><\/figure>\n<\/div>\n\n\n\n<div class=\"wp-block-column is-layout-flow wp-block-column-is-layout-flow\">\n<figure class=\"wp-block-embed-youtube wp-block-embed is-type-video is-provider-youtube wp-embed-aspect-16-9 wp-has-aspect-ratio\"><div class=\"wp-block-embed__wrapper\">\n<span class=\"embed-youtube\" style=\"text-align:center; display: block;\"><iframe loading=\"lazy\" class=\"youtube-player\" width=\"525\" height=\"296\" src=\"https:\/\/www.youtube.com\/embed\/DEJ6eajhsrs?version=3&#038;rel=1&#038;showsearch=0&#038;showinfo=1&#038;iv_load_policy=1&#038;fs=1&#038;hl=en-US&#038;autohide=2&#038;wmode=transparent\" allowfullscreen=\"true\" style=\"border:0;\" sandbox=\"allow-scripts allow-same-origin allow-popups allow-presentation allow-popups-to-escape-sandbox\"><\/iframe><\/span>\n<\/div><\/figure>\n<\/div>\n<\/div>\n\n\n\n<div class=\"wp-block-columns is-layout-flex wp-container-core-columns-is-layout-9d6595d7 wp-block-columns-is-layout-flex\">\n<div class=\"wp-block-column is-layout-flow wp-block-column-is-layout-flow\">\n<figure class=\"wp-block-image size-large\"><img loading=\"lazy\" decoding=\"async\" width=\"1000\" height=\"667\" data-attachment-id=\"1818\" data-permalink=\"https:\/\/deodesign.com\/?attachment_id=1818\" data-orig-file=\"https:\/\/deodesign.com\/wp-content\/uploads\/laFabrica-04-2022.jpg\" data-orig-size=\"1000,667\" data-comments-opened=\"1\" data-image-meta=\"{&quot;aperture&quot;:&quot;0&quot;,&quot;credit&quot;:&quot;&quot;,&quot;camera&quot;:&quot;&quot;,&quot;caption&quot;:&quot;&quot;,&quot;created_timestamp&quot;:&quot;0&quot;,&quot;copyright&quot;:&quot;&quot;,&quot;focal_length&quot;:&quot;0&quot;,&quot;iso&quot;:&quot;0&quot;,&quot;shutter_speed&quot;:&quot;0&quot;,&quot;title&quot;:&quot;&quot;,&quot;orientation&quot;:&quot;0&quot;}\" data-image-title=\"laFabrica-04-2022\" data-image-description=\"\" data-image-caption=\"\" data-large-file=\"https:\/\/deodesign.com\/wp-content\/uploads\/laFabrica-04-2022.jpg\" src=\"https:\/\/deodesign.com\/wp-content\/uploads\/laFabrica-04-2022.jpg\" alt=\"\" class=\"wp-image-1818\" srcset=\"https:\/\/deodesign.com\/wp-content\/uploads\/laFabrica-04-2022.jpg 1000w, https:\/\/deodesign.com\/wp-content\/uploads\/laFabrica-04-2022-300x200.jpg 300w, https:\/\/deodesign.com\/wp-content\/uploads\/laFabrica-04-2022-150x100.jpg 150w, https:\/\/deodesign.com\/wp-content\/uploads\/laFabrica-04-2022-768x512.jpg 768w, https:\/\/deodesign.com\/wp-content\/uploads\/laFabrica-04-2022-624x416.jpg 624w\" sizes=\"auto, (max-width: 706px) 89vw, (max-width: 767px) 82vw, 740px\" \/><\/figure>\n<\/div>\n\n\n\n<div class=\"wp-block-column is-layout-flow wp-block-column-is-layout-flow\">\n<figure class=\"wp-block-image size-large\"><img loading=\"lazy\" decoding=\"async\" width=\"948\" height=\"632\" data-attachment-id=\"1819\" data-permalink=\"https:\/\/deodesign.com\/?attachment_id=1819\" data-orig-file=\"https:\/\/deodesign.com\/wp-content\/uploads\/munt-de-mots2.jpeg\" data-orig-size=\"948,632\" data-comments-opened=\"1\" data-image-meta=\"{&quot;aperture&quot;:&quot;0&quot;,&quot;credit&quot;:&quot;&quot;,&quot;camera&quot;:&quot;&quot;,&quot;caption&quot;:&quot;&quot;,&quot;created_timestamp&quot;:&quot;0&quot;,&quot;copyright&quot;:&quot;&quot;,&quot;focal_length&quot;:&quot;0&quot;,&quot;iso&quot;:&quot;0&quot;,&quot;shutter_speed&quot;:&quot;0&quot;,&quot;title&quot;:&quot;&quot;,&quot;orientation&quot;:&quot;0&quot;}\" data-image-title=\"munt-de-mots2\" data-image-description=\"\" data-image-caption=\"\" data-large-file=\"https:\/\/deodesign.com\/wp-content\/uploads\/munt-de-mots2.jpeg\" src=\"https:\/\/deodesign.com\/wp-content\/uploads\/munt-de-mots2.jpeg\" alt=\"\" class=\"wp-image-1819\" srcset=\"https:\/\/deodesign.com\/wp-content\/uploads\/munt-de-mots2.jpeg 948w, https:\/\/deodesign.com\/wp-content\/uploads\/munt-de-mots2-300x200.jpeg 300w, https:\/\/deodesign.com\/wp-content\/uploads\/munt-de-mots2-150x100.jpeg 150w, https:\/\/deodesign.com\/wp-content\/uploads\/munt-de-mots2-768x512.jpeg 768w, https:\/\/deodesign.com\/wp-content\/uploads\/munt-de-mots2-624x416.jpeg 624w\" sizes=\"auto, (max-width: 706px) 89vw, (max-width: 767px) 82vw, 740px\" \/><\/figure>\n<\/div>\n<\/div>\n","protected":false},"excerpt":{"rendered":"<p>Rajinder Deo (percusi\u00f3n tabla, y tanpura). Rajinder Deo es indio-brit\u00e1nico y vive en Espa\u00f1a. Es dise\u00f1ador, artista y toca la percusi\u00f3n tabla de la India. Deo empez\u00f3 a estudiar la percusi\u00f3n tabla en Londres en 1998 con Baluji Shrivastav despu\u00e9s de sus estudios de dise\u00f1o grafico. Estudi\u00f3 con Baluji durante cinco a\u00f1os antes de mudarse &hellip; <\/p>\n<p class=\"link-more\"><a href=\"https:\/\/deodesign.com\/?page_id=1801\" class=\"more-link\">Continue reading<span class=\"screen-reader-text\"> &#8220;M\u00fasica&#8221;<\/span><\/a><\/p>\n","protected":false},"author":1,"featured_media":0,"parent":0,"menu_order":0,"comment_status":"closed","ping_status":"closed","template":"","meta":{"jetpack_post_was_ever_published":false,"footnotes":""},"class_list":["post-1801","page","type-page","status-publish","hentry"],"jetpack_sharing_enabled":true,"jetpack_shortlink":"https:\/\/wp.me\/P2FVWt-t3","_links":{"self":[{"href":"https:\/\/deodesign.com\/index.php?rest_route=\/wp\/v2\/pages\/1801","targetHints":{"allow":["GET"]}}],"collection":[{"href":"https:\/\/deodesign.com\/index.php?rest_route=\/wp\/v2\/pages"}],"about":[{"href":"https:\/\/deodesign.com\/index.php?rest_route=\/wp\/v2\/types\/page"}],"author":[{"embeddable":true,"href":"https:\/\/deodesign.com\/index.php?rest_route=\/wp\/v2\/users\/1"}],"replies":[{"embeddable":true,"href":"https:\/\/deodesign.com\/index.php?rest_route=%2Fwp%2Fv2%2Fcomments&post=1801"}],"version-history":[{"count":16,"href":"https:\/\/deodesign.com\/index.php?rest_route=\/wp\/v2\/pages\/1801\/revisions"}],"predecessor-version":[{"id":1830,"href":"https:\/\/deodesign.com\/index.php?rest_route=\/wp\/v2\/pages\/1801\/revisions\/1830"}],"wp:attachment":[{"href":"https:\/\/deodesign.com\/index.php?rest_route=%2Fwp%2Fv2%2Fmedia&parent=1801"}],"curies":[{"name":"wp","href":"https:\/\/api.w.org\/{rel}","templated":true}]}}